{"id":1949,"date":"2023-01-21T13:34:50","date_gmt":"2023-01-21T13:34:50","guid":{"rendered":"http:\/\/wpuidemos.com\/?page_id=1949"},"modified":"2023-05-12T03:30:54","modified_gmt":"2023-05-12T03:30:54","slug":"contactos","status":"publish","type":"page","link":"http:\/\/www.crvtax.com\/test\/contactos\/","title":{"rendered":"Contactos"},"content":{"rendered":"\t\t<div data-elementor-type=\"wp-page\" data-elementor-id=\"1949\" class=\"elementor elementor-1949\">\n\t\t\t\t\t\t\t\t\t<section class=\"elementor-section elementor-top-section elementor-element elementor-element-7fbe709 section-padding elementor-section-boxed elementor-section-height-default elementor-section-height-default\" data-id=\"7fbe709\" data-element_type=\"section\">\n\t\t\t\t\t\t<div class=\"elementor-container elementor-column-gap-default\">\n\t\t\t\t\t<div class=\"elementor-column elementor-col-33 elementor-top-column elementor-element elementor-element-cdc7e72\" data-id=\"cdc7e72\" data-element_type=\"column\">\n\t\t\t<div class=\"elementor-widget-wrap elementor-element-populated\">\n\t\t\t\t\t\t\t\t<div class=\"elementor-element elementor-element-ba36082 elementor-widget elementor-widget-contact-info\" data-id=\"ba36082\" data-element_type=\"widget\" data-widget_type=\"contact-info.default\">\n\t\t\t\t<div class=\"elementor-widget-container\">\n\t\t\t\r\n        <div class=\"contact__four-info\">\r\n            <div class=\"contact__four-info-icon\">\r\n                <img decoding=\"async\" src=\"http:\/\/www.crvtax.com\/test\/wp-content\/uploads\/2023\/02\/locationss.png\" alt=\"No alt text\" \/>            <\/div>\r\n            <h4>Direcci\u00f3n<\/h4>\r\n            <span>Le invitamos a visitar la oficina.<\/span>\r\n            <p>623 Highland Ave Apt.2, Peekskill, New York 10566-2339<\/p>        <\/div>\r\n\t\t<\/div>\n\t\t\t\t<\/div>\n\t\t\t\t\t<\/div>\n\t\t<\/div>\n\t\t\t\t<div class=\"elementor-column elementor-col-33 elementor-top-column elementor-element elementor-element-3462cc5\" data-id=\"3462cc5\" data-element_type=\"column\">\n\t\t\t<div class=\"elementor-widget-wrap elementor-element-populated\">\n\t\t\t\t\t\t\t\t<div class=\"elementor-element elementor-element-979dfff elementor-widget elementor-widget-contact-info\" data-id=\"979dfff\" data-element_type=\"widget\" data-widget_type=\"contact-info.default\">\n\t\t\t\t<div class=\"elementor-widget-container\">\n\t\t\t\r\n        <div class=\"contact__four-info\">\r\n            <div class=\"contact__four-info-icon\">\r\n                <img decoding=\"async\" src=\"http:\/\/www.crvtax.com\/test\/wp-content\/uploads\/2023\/02\/phone-call.png\" alt=\"No alt text\" \/>            <\/div>\r\n            <h4>Ll\u00e1manos<\/h4>\r\n            <span>Atendemos 24\/7<\/span>\r\n            <p><a href=\"https:\/\/wa.me\/19149879241\">(914) 9879-241<\/a><\/p>        <\/div>\r\n\t\t<\/div>\n\t\t\t\t<\/div>\n\t\t\t\t\t<\/div>\n\t\t<\/div>\n\t\t\t\t<div class=\"elementor-column elementor-col-33 elementor-top-column elementor-element elementor-element-fd027da\" data-id=\"fd027da\" data-element_type=\"column\">\n\t\t\t<div class=\"elementor-widget-wrap elementor-element-populated\">\n\t\t\t\t\t\t\t\t<div class=\"elementor-element elementor-element-de390bd elementor-widget elementor-widget-contact-info\" data-id=\"de390bd\" data-element_type=\"widget\" data-widget_type=\"contact-info.default\">\n\t\t\t\t<div class=\"elementor-widget-container\">\n\t\t\t\r\n        <div class=\"contact__four-info\">\r\n            <div class=\"contact__four-info-icon\">\r\n                <img decoding=\"async\" src=\"http:\/\/www.crvtax.com\/test\/wp-content\/uploads\/2023\/02\/emails.png\" alt=\"No alt text\" \/>            <\/div>\r\n            <h4>Escr\u00edbenos<\/h4>\r\n            <span>Env\u00edanos un correo te contestaremos lo antes posible.<\/span>\r\n            <p><a href=\"mailto:info.conbix@gmail.com\">info@crvtax.com<\/a><\/p>        <\/div>\r\n\t\t<\/div>\n\t\t\t\t<\/div>\n\t\t\t\t\t<\/div>\n\t\t<\/div>\n\t\t\t\t\t\t\t<\/div>\n\t\t<\/section>\n\t\t\t\t<section class=\"elementor-section elementor-top-section elementor-element elementor-element-97b3a3d elementor-section-boxed elementor-section-height-default elementor-section-height-default\" data-id=\"97b3a3d\" data-element_type=\"section\">\n\t\t\t\t\t\t<div class=\"elementor-container elementor-column-gap-default\">\n\t\t\t\t\t<div class=\"elementor-column elementor-col-100 elementor-top-column elementor-element elementor-element-b2f207e\" data-id=\"b2f207e\" data-element_type=\"column\">\n\t\t\t<div class=\"elementor-widget-wrap elementor-element-populated\">\n\t\t\t\t\t\t\t\t<div class=\"elementor-element elementor-element-e7d2e7f elementor-widget elementor-widget-contact-form\" data-id=\"e7d2e7f\" data-element_type=\"widget\" data-widget_type=\"contact-form.default\">\n\t\t\t\t<div class=\"elementor-widget-container\">\n\t\t\t        \r\n                    <div class=\"contact__four\">\r\n\t\t<div class=\"container\">\r\n\t\t\t<div class=\"row\">\r\n\t\t\t\t<div class=\"col-xl-12\">\r\n                    <div class=\"contact__four-form t-center\">\r\n                        <div class=\"contact__four-form-title\">\t\r\n                            <span class=\"subtitle-one\">Contactos<\/span>\r\n                            <h2>Siempre estamos listos para su soluci\u00f3n<\/h2>\r\n                        <\/div>\r\n                        \n<div class=\"wpcf7 no-js\" id=\"wpcf7-f4135-o1\" lang=\"en-US\" dir=\"ltr\">\n<div class=\"screen-reader-response\"><p role=\"status\" aria-live=\"polite\" aria-atomic=\"true\"><\/p> <ul><\/ul><\/div>\n<form action=\"\/test\/wp-json\/wp\/v2\/pages\/1949#wpcf7-f4135-o1\" method=\"post\" class=\"wpcf7-form init\" aria-label=\"Contact form\" novalidate=\"novalidate\" data-status=\"init\">\n<div style=\"display: none;\">\n<input type=\"hidden\" name=\"_wpcf7\" value=\"4135\" \/>\n<input type=\"hidden\" name=\"_wpcf7_version\" value=\"5.7.5.1\" \/>\n<input type=\"hidden\" name=\"_wpcf7_locale\" value=\"en_US\" \/>\n<input type=\"hidden\" name=\"_wpcf7_unit_tag\" value=\"wpcf7-f4135-o1\" \/>\n<input type=\"hidden\" name=\"_wpcf7_container_post\" value=\"0\" \/>\n<input type=\"hidden\" name=\"_wpcf7_posted_data_hash\" value=\"\" \/>\n<\/div>\n<div class=\"row contact-form\">\n<div class=\"col-md-6 mb-20\">\n\t<span class=\"wpcf7-form-control-wrap\" data-name=\"your-name\"><input size=\"40\" class=\"wpcf7-form-control wpcf7-text wpcf7-validates-as-required\" aria-required=\"true\" aria-invalid=\"false\" placeholder=\"Nombre\" value=\"\" type=\"text\" name=\"your-name\" \/><\/span>\n<\/div>\n\n<div class=\"col-md-6 mb-20\">\n\t<span class=\"wpcf7-form-control-wrap\" data-name=\"your-email\"><input size=\"40\" class=\"wpcf7-form-control wpcf7-text wpcf7-email wpcf7-validates-as-required wpcf7-validates-as-email\" aria-required=\"true\" aria-invalid=\"false\" placeholder=\"Email\" value=\"\" type=\"email\" name=\"your-email\" \/><\/span>\n<\/div>\n\n<div class=\"col-md-12 mb-20\">\n\t<span class=\"wpcf7-form-control-wrap\" data-name=\"phone\"><input size=\"40\" class=\"wpcf7-form-control wpcf7-text wpcf7-validates-as-required\" aria-required=\"true\" aria-invalid=\"false\" placeholder=\"Tel\u00e9fono\" value=\"\" type=\"text\" name=\"phone\" \/><\/span>\n<\/div>\n\n<div class=\"col-md-12 mb-20\">\n\t<span class=\"wpcf7-form-control-wrap\" data-name=\"subject\"><input size=\"40\" class=\"wpcf7-form-control wpcf7-text wpcf7-validates-as-required\" aria-required=\"true\" aria-invalid=\"false\" placeholder=\"Asunto\" value=\"\" type=\"text\" name=\"subject\" \/><\/span>\n<\/div>\n\n<div class=\"col-md-12 mb-30\">\n\t<span class=\"wpcf7-form-control-wrap\" data-name=\"textarea\"><textarea cols=\"40\" rows=\"10\" class=\"wpcf7-form-control wpcf7-textarea wpcf7-validates-as-required\" aria-required=\"true\" aria-invalid=\"false\" placeholder=\"Mensaje\" name=\"textarea\"><\/textarea><\/span>\n<\/div>\n  <div class=\"col-lg-12\">\n    <div class=\"contact__page-form-item\">\n      <button class=\"btn-one\" type=\"submit\">\n        Enviar<i class=\"far fa-chevron-double-right\"><\/i>\n      <\/button>\n    <\/div>\n  <\/div>\n<\/div><div class=\"wpcf7-response-output\" aria-hidden=\"true\"><\/div>\n<\/form>\n<\/div>\n                    <\/div>\r\n\t\t\t\t<\/div>\r\n\t\t\t<\/div>\r\n\t\t<\/div>\r\n\t<\/div>\r\n        \r\n\t\t<\/div>\n\t\t\t\t<\/div>\n\t\t\t\t\t<\/div>\n\t\t<\/div>\n\t\t\t\t\t\t\t<\/div>\n\t\t<\/section>\n\t\t\t\t<section class=\"elementor-section elementor-top-section elementor-element elementor-element-4323535 elementor-section-full_width elementor-section-height-default elementor-section-height-default\" data-id=\"4323535\" data-element_type=\"section\">\n\t\t\t\t\t\t<div class=\"elementor-container elementor-column-gap-no\">\n\t\t\t\t\t<div class=\"elementor-column elementor-col-100 elementor-top-column elementor-element elementor-element-3054e3b\" data-id=\"3054e3b\" data-element_type=\"column\">\n\t\t\t<div class=\"elementor-widget-wrap elementor-element-populated\">\n\t\t\t\t\t\t\t\t<div class=\"elementor-element elementor-element-b3525c9 elementor-widget elementor-widget-google_maps\" data-id=\"b3525c9\" data-element_type=\"widget\" data-widget_type=\"google_maps.default\">\n\t\t\t\t<div class=\"elementor-widget-container\">\n\t\t\t<style>\/*! elementor - v3.12.0 - 29-03-2023 *\/\n.elementor-widget-google_maps .elementor-widget-container{overflow:hidden}.elementor-widget-google_maps .elementor-custom-embed{line-height:0}.elementor-widget-google_maps iframe{height:300px}<\/style>\t\t<div class=\"elementor-custom-embed\">\n\t\t\t<iframe loading=\"lazy\"\n\t\t\t\t\tsrc=\"https:\/\/maps.google.com\/maps?q=623%20Highland%20Ave%2C%20Peekskill%2C%20NY&#038;t=m&#038;z=10&#038;output=embed&#038;iwloc=near\"\n\t\t\t\t\ttitle=\"623 Highland Ave, Peekskill, NY\"\n\t\t\t\t\taria-label=\"623 Highland Ave, Peekskill, NY\"\n\t\t\t><\/iframe>\n\t\t<\/div>\n\t\t\t\t<\/div>\n\t\t\t\t<\/div>\n\t\t\t\t\t<\/div>\n\t\t<\/div>\n\t\t\t\t\t\t\t<\/div>\n\t\t<\/section>\n\t\t\t\t\t\t\t<\/div>\n\t\t","protected":false},"excerpt":{"rendered":"<p>Direcci\u00f3n Le invitamos a visitar la oficina. 623 Highland Ave Apt.2, Peekskill, New York 10566-2339 Ll\u00e1manos Atendemos 24\/7 (914) 9879-241 Escr\u00edbenos Env\u00edanos un correo te contestaremos lo antes posible. info@crvtax.com Contactos Siempre estamos listos para su soluci\u00f3n Enviar<\/p>\n","protected":false},"author":1,"featured_media":0,"parent":0,"menu_order":0,"comment_status":"closed","ping_status":"closed","template":"page-builder.php","meta":{"_mi_skip_tracking":false},"aioseo_notices":[],"_links":{"self":[{"href":"http:\/\/www.crvtax.com\/test\/wp-json\/wp\/v2\/pages\/1949"}],"collection":[{"href":"http:\/\/www.crvtax.com\/test\/wp-json\/wp\/v2\/pages"}],"about":[{"href":"http:\/\/www.crvtax.com\/test\/wp-json\/wp\/v2\/types\/page"}],"author":[{"embeddable":true,"href":"http:\/\/www.crvtax.com\/test\/wp-json\/wp\/v2\/users\/1"}],"replies":[{"embeddable":true,"href":"http:\/\/www.crvtax.com\/test\/wp-json\/wp\/v2\/comments?post=1949"}],"version-history":[{"count":14,"href":"http:\/\/www.crvtax.com\/test\/wp-json\/wp\/v2\/pages\/1949\/revisions"}],"predecessor-version":[{"id":5573,"href":"http:\/\/www.crvtax.com\/test\/wp-json\/wp\/v2\/pages\/1949\/revisions\/5573"}],"wp:attachment":[{"href":"http:\/\/www.crvtax.com\/test\/wp-json\/wp\/v2\/media?parent=1949"}],"curies":[{"name":"wp","href":"https:\/\/api.w.org\/{rel}","templated":true}]}}