{"id":5039,"date":"2023-03-31T01:02:30","date_gmt":"2023-03-31T01:02:30","guid":{"rendered":"http:\/\/www.crvtax.com\/test\/?page_id=5039"},"modified":"2023-05-11T04:37:41","modified_gmt":"2023-05-11T04:37:41","slug":"tramites-de-inmigracion","status":"publish","type":"page","link":"http:\/\/www.crvtax.com\/test\/tramites-de-inmigracion\/","title":{"rendered":"Tr\u00e1mites de Inmigraci\u00f3n"},"content":{"rendered":"\t\t<div data-elementor-type=\"wp-page\" data-elementor-id=\"5039\" class=\"elementor elementor-5039\">\n\t\t\t\t\t\t\t\t\t<section class=\"elementor-section elementor-top-section elementor-element elementor-element-6ba5018 elementor-section-full_width section-padding elementor-section-height-default elementor-section-height-default\" data-id=\"6ba5018\" data-element_type=\"section\">\n\t\t\t\t\t\t<div class=\"elementor-container elementor-column-gap-no\">\n\t\t\t\t\t<div class=\"elementor-column elementor-col-100 elementor-top-column elementor-element elementor-element-21f70ec\" data-id=\"21f70ec\" data-element_type=\"column\">\n\t\t\t<div class=\"elementor-widget-wrap elementor-element-populated\">\n\t\t\t\t\t\t\t\t<div class=\"elementor-element elementor-element-b126863 elementor-widget elementor-widget-service\" data-id=\"b126863\" data-element_type=\"widget\" data-widget_type=\"service.default\">\n\t\t\t\t<div class=\"elementor-widget-container\">\n\t\t\t                    <div class=\"services__one\">\r\n                <div class=\"container\">\r\n                                        <div class=\"row\">\r\n                                                    <div class=\"col-xl-4 col-lg-6\">\r\n                                <div class=\"services__one-item mt-25\">\r\n                                                                            <div class=\"services__one-item-icon\">\r\n                                            <img decoding=\"async\" src=\"http:\/\/www.crvtax.com\/test\/wp-content\/uploads\/2023\/03\/familia-az.png\" alt=\"Normal\">\r\n                                                                                            <div class=\"services__one-item-icon-one\">\r\n                                                    <img decoding=\"async\" src=\"http:\/\/www.crvtax.com\/test\/wp-content\/uploads\/2023\/03\/familia-bl.png\" alt=\"Hover\">\r\n                                                <\/div>\r\n                                                                                    <\/div>\r\n                                                                        <h4><a href=\"\/test\/service\/peticiones-familiares\/\">Peticiones familiares<\/a><\/h4>\r\n                                    <p><\/p>\r\n                                    <a class=\"simple-btn-2\" href=\"\/test\/service\/peticiones-familiares\/\">Saber m\u00e1s<i class=\"far fa-chevron-double-right\"><\/i><\/a>\r\n                                <\/div>\r\n                            <\/div>\r\n                                                    <div class=\"col-xl-4 col-lg-6\">\r\n                                <div class=\"services__one-item mt-25\">\r\n                                                                            <div class=\"services__one-item-icon\">\r\n                                            <img decoding=\"async\" src=\"http:\/\/www.crvtax.com\/test\/wp-content\/uploads\/2023\/03\/visas-az.png\" alt=\"Normal\">\r\n                                                                                            <div class=\"services__one-item-icon-one\">\r\n                                                    <img decoding=\"async\" src=\"http:\/\/www.crvtax.com\/test\/wp-content\/uploads\/2023\/03\/visas-bl.png\" alt=\"Hover\">\r\n                                                <\/div>\r\n                                                                                    <\/div>\r\n                                                                        <h4><a href=\"\/test\/service\/visas\/\">Visas<\/a><\/h4>\r\n                                    <p><\/p>\r\n                                    <a class=\"simple-btn-2\" href=\"\/test\/service\/visas\/\">Saber m\u00e1s<i class=\"far fa-chevron-double-right\"><\/i><\/a>\r\n                                <\/div>\r\n                            <\/div>\r\n                                                    <div class=\"col-xl-4 col-lg-6\">\r\n                                <div class=\"services__one-item mt-25\">\r\n                                                                            <div class=\"services__one-item-icon\">\r\n                                            <img decoding=\"async\" src=\"http:\/\/www.crvtax.com\/test\/wp-content\/uploads\/2023\/03\/permisos-az.png\" alt=\"Normal\">\r\n                                                                                            <div class=\"services__one-item-icon-one\">\r\n                                                    <img decoding=\"async\" src=\"http:\/\/www.crvtax.com\/test\/wp-content\/uploads\/2023\/03\/permisos-bl.png\" alt=\"Hover\">\r\n                                                <\/div>\r\n                                                                                    <\/div>\r\n                                                                        <h4><a href=\"\/test\/service\/permisos-trabajo\/\">Permisos de trabajo<\/a><\/h4>\r\n                                    <p><\/p>\r\n                                    <a class=\"simple-btn-2\" href=\"\/test\/service\/permisos-trabajo\/\">Saber m\u00e1s<i class=\"far fa-chevron-double-right\"><\/i><\/a>\r\n                                <\/div>\r\n                            <\/div>\r\n                                                    <div class=\"col-xl-4 col-lg-6\">\r\n                                <div class=\"services__one-item mt-25\">\r\n                                                                            <div class=\"services__one-item-icon\">\r\n                                            <img decoding=\"async\" src=\"http:\/\/www.crvtax.com\/test\/wp-content\/uploads\/2023\/03\/cuidadania-az.png\" alt=\"Normal\">\r\n                                                                                            <div class=\"services__one-item-icon-one\">\r\n                                                    <img decoding=\"async\" src=\"http:\/\/www.crvtax.com\/test\/wp-content\/uploads\/2023\/03\/cuidadania-bl.png\" alt=\"Hover\">\r\n                                                <\/div>\r\n                                                                                    <\/div>\r\n                                                                        <h4><a href=\"\/test\/service\/aplicacion-ciudadania\/\">Aplicaci\u00f3n para la ciudadan\u00eda<\/a><\/h4>\r\n                                    <p><\/p>\r\n                                    <a class=\"simple-btn-2\" href=\"\/test\/service\/aplicacion-ciudadania\/\">Saber m\u00e1s<i class=\"far fa-chevron-double-right\"><\/i><\/a>\r\n                                <\/div>\r\n                            <\/div>\r\n                                                    <div class=\"col-xl-4 col-lg-6\">\r\n                                <div class=\"services__one-item mt-25\">\r\n                                                                            <div class=\"services__one-item-icon\">\r\n                                            <img decoding=\"async\" src=\"http:\/\/www.crvtax.com\/test\/wp-content\/uploads\/2023\/03\/itin-number-az.png\" alt=\"Normal\">\r\n                                                                                            <div class=\"services__one-item-icon-one\">\r\n                                                    <img decoding=\"async\" src=\"http:\/\/www.crvtax.com\/test\/wp-content\/uploads\/2023\/03\/itin-number-bl.png\" alt=\"Hover\">\r\n                                                <\/div>\r\n                                                                                    <\/div>\r\n                                                                        <h4><a href=\"\/test\/service\/renovacion-greencard\/\">Renovaci\u00f3n de la Greencard<\/a><\/h4>\r\n                                    <p><\/p>\r\n                                    <a class=\"simple-btn-2\" href=\"\/test\/service\/renovacion-greencard\/\">Saber m\u00e1s<i class=\"far fa-chevron-double-right\"><\/i><\/a>\r\n                                <\/div>\r\n                            <\/div>\r\n                                                    <div class=\"col-xl-4 col-lg-6\">\r\n                                <div class=\"services__one-item mt-25\">\r\n                                                                            <div class=\"services__one-item-icon\">\r\n                                            <img decoding=\"async\" src=\"http:\/\/www.crvtax.com\/test\/wp-content\/uploads\/2023\/03\/asilo-az.png\" alt=\"Normal\">\r\n                                                                                            <div class=\"services__one-item-icon-one\">\r\n                                                    <img decoding=\"async\" src=\"http:\/\/www.crvtax.com\/test\/wp-content\/uploads\/2023\/03\/asilo-bl.png\" alt=\"Hover\">\r\n                                                <\/div>\r\n                                                                                    <\/div>\r\n                                                                        <h4><a href=\"\/test\/service\/asilo\/\">Asilo<\/a><\/h4>\r\n                                    <p><\/p>\r\n                                    <a class=\"simple-btn-2\" href=\"\/test\/service\/asilo\/\">Saber m\u00e1s<i class=\"far fa-chevron-double-right\"><\/i><\/a>\r\n                                <\/div>\r\n                            <\/div>\r\n                                            <\/div>\r\n                <\/div>\r\n            <\/div>\r\n        \r\n        \r\n        \t\t<\/div>\n\t\t\t\t<\/div>\n\t\t\t\t\t<\/div>\n\t\t<\/div>\n\t\t\t\t\t\t\t<\/div>\n\t\t<\/section>\n\t\t\t\t<section class=\"elementor-section elementor-top-section elementor-element elementor-element-ccb2644 elementor-section-full_width elementor-section-height-default elementor-section-height-default\" data-id=\"ccb2644\" data-element_type=\"section\">\n\t\t\t\t\t\t<div class=\"elementor-container elementor-column-gap-no\">\n\t\t\t\t\t<div class=\"elementor-column elementor-col-100 elementor-top-column elementor-element elementor-element-c607f61\" data-id=\"c607f61\" data-element_type=\"column\">\n\t\t\t<div class=\"elementor-widget-wrap elementor-element-populated\">\n\t\t\t\t\t\t\t\t<div class=\"elementor-element elementor-element-3e3d486 elementor-widget elementor-widget-cta\" data-id=\"3e3d486\" data-element_type=\"widget\" data-widget_type=\"cta.default\">\n\t\t\t\t<div class=\"elementor-widget-container\">\n\t\t\t        \r\n        \r\n        \r\n                    <div class=\"cta__two\" style=\"background-image: url(http:\/\/wpuidemos.com\/wp-content\/uploads\/2023\/02\/getInTouchThree-1.jpg)\">\r\n                                    <img decoding=\"async\" class=\"cta__two-shape left-right-animate2\" src=\"http:\/\/light3.themeori.com\/wp-content\/uploads\/sites\/4\/2023\/02\/getInTouch3.png\" alt=\"shape one\">\r\n                                <div class=\"container\">\r\n                    <div class=\"row align-items-center\">\r\n                        <div class=\"col-xl-6 col-lg-5 lg-mb-30\">\r\n                            <div class=\"cta__two-title\">\r\n                                <span class=\"subtitle-one\">\u00bfNecesitas ayuda? <\/span>\r\n                                <h2>\u00bfTienes preguntas? Cont\u00e1ctanos<\/h2>\r\n                            <\/div>\r\n                        <\/div>\r\n                        <div class=\"col-xl-6 col-lg-7\">\r\n                            <div class=\"cta__two-info\">\r\n                                <div class=\"cta__two-info-item\">\r\n                                    <div class=\"cta__two-info-item-icon\">\r\n                                        <i class=\"fal fa-phone-alt icon-animation\"><\/i>\r\n                                    <\/div>\r\n                                    <div>\r\n                                        <span>Ll\u00e1manos 24\/7<\/span>\r\n                                        <h6><a href=\"https:\/\/wa.me\/19149879241\">(914) 987-9241<\/a><\/h6>\r\n                                    <\/div>\r\n                                <\/div>\r\n                                <div class=\"cta__two-info-item\">\r\n                                    <div class=\"cta__two-info-item-icon\">\r\n                                        <i class=\"fal fa-envelope\"><\/i>\r\n                                    <\/div>\r\n                                    <div>\r\n                                        <span>Escr\u00edbenos<\/span>\r\n                                        <h6><a href=\"mailto:info@cvrtax.com\">info@cvrtax.com<\/a><\/h6>\r\n                                    <\/div>\r\n                                <\/div>\r\n                            <\/div>\r\n                        <\/div>\r\n                    <\/div>\r\n                <\/div>\r\n            <\/div>\r\n        \t\t<\/div>\n\t\t\t\t<\/div>\n\t\t\t\t\t<\/div>\n\t\t<\/div>\n\t\t\t\t\t\t\t<\/div>\n\t\t<\/section>\n\t\t\t\t<section class=\"elementor-section elementor-top-section elementor-element elementor-element-f99a0e6 elementor-section-full_width section-padding elementor-section-height-default elementor-section-height-default\" data-id=\"f99a0e6\" data-element_type=\"section\">\n\t\t\t\t\t\t<div class=\"elementor-container elementor-column-gap-no\">\n\t\t\t\t\t<div class=\"elementor-column elementor-col-100 elementor-top-column elementor-element elementor-element-8c11670\" data-id=\"8c11670\" data-element_type=\"column\">\n\t\t\t<div class=\"elementor-widget-wrap elementor-element-populated\">\n\t\t\t\t\t\t\t\t<div class=\"elementor-element elementor-element-c4d9936 elementor-widget elementor-widget-testimonials\" data-id=\"c4d9936\" data-element_type=\"widget\" data-widget_type=\"testimonials.default\">\n\t\t\t\t<div class=\"elementor-widget-container\">\n\t\t\t                    <div class=\"testimonial__area\">\r\n                                    <img decoding=\"async\" class=\"testimonial__area-shape dark-n\" src=\"http:\/\/www.crvtax.com\/test\/wp-content\/themes\/conbix\/assets\/img\/shape\/about.png\" alt=\"shape\">\r\n                    <img decoding=\"async\" class=\"testimonial__area-shape light-n\" src=\"http:\/\/www.crvtax.com\/test\/wp-content\/themes\/conbix\/assets\/img\/shape\/about-dark.png\" alt=\"shape-dark\">\r\n                                <div class=\"container\">\r\n                                            <div class=\"row mb-70 align-items-end\">\r\n                            <div class=\"col-xl-8 col-lg-8 lg-mb-30\">\r\n                                <div class=\"testimonial__area-title lg-t-center\">\r\n                                    <span class=\"subtitle-one\">Historias reales<\/span>\r\n                                    <h2>Experiencias de Clientes<\/h2>\r\n                                <\/div>\r\n                            <\/div>\r\n                            <div class=\"col-xl-4 col-lg-4\">\r\n                                <div class=\"testimonial__area-button t-right lg-t-center\">\r\n                                    <div class=\"testimonial__area-button-prev conbix-button-prev\"><i class=\"fal fa-long-arrow-left\"><\/i><\/div>\r\n                                    <div class=\"testimonial__area-button-next conbix-button-next\"><i class=\"fal fa-long-arrow-right\"><\/i><\/div>\r\n                                <\/div>\r\n                            <\/div>\r\n                        <\/div>\r\n                                        <div class=\"row\">\r\n                        <div class=\"col-xl-12\">\r\n                            <div class=\"swiper testimonial__area-slider\">\r\n                                <div class=\"swiper-wrapper\">\r\n                                                                            <div class=\"testimonial__area-item swiper-slide\">\r\n                                            <div class=\"testimonial__area-item-client\">\r\n                                                <div class=\"testimonial__area-item-icon\">\r\n                                                    <i class=\"fal fa-quote-right\"><\/i>\r\n                                                <\/div>\r\n                                                <div class=\"testimonial__area-item-client-image\">\r\n                                                    <img decoding=\"async\" src=\"http:\/\/www.crvtax.com\/test\/wp-content\/uploads\/2023\/03\/cara1.jpg\" alt=\"client\">\r\n                                                <\/div>\r\n                                                <div class=\"testimonial__area-item-client-title\">\r\n                                                    <h5>Sara Almeida<\/h5>\r\n                                                    <span class=\"text-eight\">Inmigrante<\/span>\r\n                                                <\/div>\r\n                                            <\/div>\r\n                                            <p>Mi experiencia fue excepcional. Fue muy atento y siempre se tom\u00f3 el tiempo de explicar todo el proceso de manera clara y concisa. <\/p>\r\n                                            <div class=\"testimonial__area-item-reviews\">\r\n                                                <i class=\"fas fa-star\"><\/i>\r\n                                                <i class=\"fas fa-star\"><\/i>\r\n                                                <i class=\"fas fa-star\"><\/i>\r\n                                                <i class=\"fas fa-star\"><\/i>\r\n                                                <i class=\"fas fa-star\"><\/i>\r\n                                            <\/div>\r\n                                        <\/div>\r\n                                                                            <div class=\"testimonial__area-item swiper-slide\">\r\n                                            <div class=\"testimonial__area-item-client\">\r\n                                                <div class=\"testimonial__area-item-icon\">\r\n                                                    <i class=\"fal fa-quote-right\"><\/i>\r\n                                                <\/div>\r\n                                                <div class=\"testimonial__area-item-client-image\">\r\n                                                    <img decoding=\"async\" src=\"http:\/\/www.crvtax.com\/test\/wp-content\/uploads\/2023\/02\/Image1.jpg\" alt=\"client\">\r\n                                                <\/div>\r\n                                                <div class=\"testimonial__area-item-client-title\">\r\n                                                    <h5>Jorge Perez<\/h5>\r\n                                                    <span class=\"text-eight\">Inmigrante<\/span>\r\n                                                <\/div>\r\n                                            <\/div>\r\n                                            <p>Me ayudaron a entender todas las opciones disponibles para m\u00ed y trabaj\u00f3 incansablemente para asegurarse de que mi caso fuera presentado correctamente.<\/p>\r\n                                            <div class=\"testimonial__area-item-reviews\">\r\n                                                <i class=\"fas fa-star\"><\/i>\r\n                                                <i class=\"fas fa-star\"><\/i>\r\n                                                <i class=\"fas fa-star\"><\/i>\r\n                                                <i class=\"fas fa-star\"><\/i>\r\n                                                <i class=\"fas fa-star\"><\/i>\r\n                                            <\/div>\r\n                                        <\/div>\r\n                                                                            <div class=\"testimonial__area-item swiper-slide\">\r\n                                            <div class=\"testimonial__area-item-client\">\r\n                                                <div class=\"testimonial__area-item-icon\">\r\n                                                    <i class=\"fal fa-quote-right\"><\/i>\r\n                                                <\/div>\r\n                                                <div class=\"testimonial__area-item-client-image\">\r\n                                                    <img decoding=\"async\" src=\"http:\/\/www.crvtax.com\/test\/wp-content\/uploads\/2023\/03\/cara2.jpg\" alt=\"client\">\r\n                                                <\/div>\r\n                                                <div class=\"testimonial__area-item-client-title\">\r\n                                                    <h5>Ricardo Gonzalez<\/h5>\r\n                                                    <span class=\"text-eight\">Inmigrante<\/span>\r\n                                                <\/div>\r\n                                            <\/div>\r\n                                            <p>Su compromiso y dedicaci\u00f3n en mi caso me dejaron sin palabras. Su conocimiento en el campo de la inmigraci\u00f3n fue muy impresionante<\/p>\r\n                                            <div class=\"testimonial__area-item-reviews\">\r\n                                                <i class=\"fas fa-star\"><\/i>\r\n                                                <i class=\"fas fa-star\"><\/i>\r\n                                                <i class=\"fas fa-star\"><\/i>\r\n                                                <i class=\"fas fa-star\"><\/i>\r\n                                                <i class=\"fas fa-star\"><\/i>\r\n                                            <\/div>\r\n                                        <\/div>\r\n                                                                    <\/div>\r\n                            <\/div>\r\n                        <\/div>\r\n                    <\/div>\r\n                <\/div>\r\n            <\/div>\r\n                \t\t<\/div>\n\t\t\t\t<\/div>\n\t\t\t\t\t<\/div>\n\t\t<\/div>\n\t\t\t\t\t\t\t<\/div>\n\t\t<\/section>\n\t\t\t\t\t\t\t<\/div>\n\t\t","protected":false},"excerpt":{"rendered":"<p>Peticiones familiares Saber m\u00e1s Visas Saber m\u00e1s Permisos de trabajo Saber m\u00e1s Aplicaci\u00f3n para la ciudadan\u00eda Saber m\u00e1s Renovaci\u00f3n de la Greencard Saber m\u00e1s Asilo Saber m\u00e1s \u00bfNecesitas ayuda? \u00bfTienes preguntas? Cont\u00e1ctanos Ll\u00e1manos 24\/7 (914) 987-9241 Escr\u00edbenos info@cvrtax.com Historias reales Experiencias de Clientes Sara Almeida Inmigrante Mi experiencia fue excepcional. Fue muy atento y siempre [&hellip;]<\/p>\n","protected":false},"author":1,"featured_media":0,"parent":0,"menu_order":0,"comment_status":"closed","ping_status":"closed","template":"page-builder.php","meta":{"_mi_skip_tracking":false},"aioseo_notices":[],"_links":{"self":[{"href":"http:\/\/www.crvtax.com\/test\/wp-json\/wp\/v2\/pages\/5039"}],"collection":[{"href":"http:\/\/www.crvtax.com\/test\/wp-json\/wp\/v2\/pages"}],"about":[{"href":"http:\/\/www.crvtax.com\/test\/wp-json\/wp\/v2\/types\/page"}],"author":[{"embeddable":true,"href":"http:\/\/www.crvtax.com\/test\/wp-json\/wp\/v2\/users\/1"}],"replies":[{"embeddable":true,"href":"http:\/\/www.crvtax.com\/test\/wp-json\/wp\/v2\/comments?post=5039"}],"version-history":[{"count":16,"href":"http:\/\/www.crvtax.com\/test\/wp-json\/wp\/v2\/pages\/5039\/revisions"}],"predecessor-version":[{"id":5567,"href":"http:\/\/www.crvtax.com\/test\/wp-json\/wp\/v2\/pages\/5039\/revisions\/5567"}],"wp:attachment":[{"href":"http:\/\/www.crvtax.com\/test\/wp-json\/wp\/v2\/media?parent=5039"}],"curies":[{"name":"wp","href":"https:\/\/api.w.org\/{rel}","templated":true}]}}