{"id":5099,"date":"2023-03-31T01:53:07","date_gmt":"2023-03-31T01:53:07","guid":{"rendered":"http:\/\/www.crvtax.com\/test\/?page_id=5099"},"modified":"2023-05-11T04:28:11","modified_gmt":"2023-05-11T04:28:11","slug":"asesoria-juridica","status":"publish","type":"page","link":"http:\/\/www.crvtax.com\/test\/asesoria-juridica\/","title":{"rendered":"Asesor\u00eda Jur\u00eddica"},"content":{"rendered":"\t\t<div data-elementor-type=\"wp-page\" data-elementor-id=\"5099\" class=\"elementor elementor-5099\">\n\t\t\t\t\t\t\t\t\t<section class=\"elementor-section elementor-top-section elementor-element elementor-element-6ba5018 elementor-section-full_width section-padding elementor-section-height-default elementor-section-height-default\" data-id=\"6ba5018\" data-element_type=\"section\">\n\t\t\t\t\t\t<div class=\"elementor-container elementor-column-gap-no\">\n\t\t\t\t\t<div class=\"elementor-column elementor-col-100 elementor-top-column elementor-element elementor-element-21f70ec\" data-id=\"21f70ec\" data-element_type=\"column\">\n\t\t\t<div class=\"elementor-widget-wrap elementor-element-populated\">\n\t\t\t\t\t\t\t\t<div class=\"elementor-element elementor-element-b126863 elementor-widget elementor-widget-service\" data-id=\"b126863\" data-element_type=\"widget\" data-widget_type=\"service.default\">\n\t\t\t\t<div class=\"elementor-widget-container\">\n\t\t\t                    <div class=\"services__one\">\r\n                <div class=\"container\">\r\n                                        <div class=\"row\">\r\n                                                    <div class=\"col-xl-4 col-lg-6\">\r\n                                <div class=\"services__one-item mt-25\">\r\n                                                                            <div class=\"services__one-item-icon\">\r\n                                            <img decoding=\"async\" src=\"http:\/\/www.crvtax.com\/test\/wp-content\/uploads\/2023\/03\/divorcios-az.png\" alt=\"Normal\">\r\n                                                                                            <div class=\"services__one-item-icon-one\">\r\n                                                    <img decoding=\"async\" src=\"http:\/\/www.crvtax.com\/test\/wp-content\/uploads\/2023\/03\/divorcios-bl.png\" alt=\"Hover\">\r\n                                                <\/div>\r\n                                                                                    <\/div>\r\n                                                                        <h4><a href=\"\/test\/service\/asuntos-familia-divorcios\/\">Asuntos de familia, divorcios casuales y de mutuo consentimiento<\/a><\/h4>\r\n                                    <p><\/p>\r\n                                    <a class=\"simple-btn-2\" href=\"\/test\/service\/asuntos-familia-divorcios\/\">Saber m\u00e1s<i class=\"far fa-chevron-double-right\"><\/i><\/a>\r\n                                <\/div>\r\n                            <\/div>\r\n                                                    <div class=\"col-xl-4 col-lg-6\">\r\n                                <div class=\"services__one-item mt-25\">\r\n                                                                            <div class=\"services__one-item-icon\">\r\n                                            <img decoding=\"async\" src=\"http:\/\/www.crvtax.com\/test\/wp-content\/uploads\/2023\/03\/procuraciones-az.png\" alt=\"Normal\">\r\n                                                                                            <div class=\"services__one-item-icon-one\">\r\n                                                    <img decoding=\"async\" src=\"http:\/\/www.crvtax.com\/test\/wp-content\/uploads\/2023\/03\/procuraciones-bl.png\" alt=\"Hover\">\r\n                                                <\/div>\r\n                                                                                    <\/div>\r\n                                                                        <h4><a href=\"\/test\/service\/juicios-alimentos-inventarios\/\">Juicios de alimentos, inventarios, disoluci\u00f3n y liquidaci\u00f3n de la sociedad conyugal<\/a><\/h4>\r\n                                    <p><\/p>\r\n                                    <a class=\"simple-btn-2\" href=\"\/test\/service\/juicios-alimentos-inventarios\/\">Saber m\u00e1s<i class=\"far fa-chevron-double-right\"><\/i><\/a>\r\n                                <\/div>\r\n                            <\/div>\r\n                                                    <div class=\"col-xl-4 col-lg-6\">\r\n                                <div class=\"services__one-item mt-25\">\r\n                                                                            <div class=\"services__one-item-icon\">\r\n                                            <img decoding=\"async\" src=\"http:\/\/www.crvtax.com\/test\/wp-content\/uploads\/2023\/03\/penal-az.png\" alt=\"Normal\">\r\n                                                                                            <div class=\"services__one-item-icon-one\">\r\n                                                    <img decoding=\"async\" src=\"http:\/\/www.crvtax.com\/test\/wp-content\/uploads\/2023\/03\/penal-bl.png\" alt=\"Hover\">\r\n                                                <\/div>\r\n                                                                                    <\/div>\r\n                                                                        <h4><a href=\"\/test\/service\/area-civil-penal-transito-laboral\/\">\u00c1rea civil, penal, tr\u00e1nsito, laboral<\/a><\/h4>\r\n                                    <p><\/p>\r\n                                    <a class=\"simple-btn-2\" href=\"\/test\/service\/area-civil-penal-transito-laboral\/\">Saber m\u00e1s<i class=\"far fa-chevron-double-right\"><\/i><\/a>\r\n                                <\/div>\r\n                            <\/div>\r\n                                                    <div class=\"col-xl-4 col-lg-6\">\r\n                                <div class=\"services__one-item mt-25\">\r\n                                                                            <div class=\"services__one-item-icon\">\r\n                                            <img decoding=\"async\" src=\"http:\/\/www.crvtax.com\/test\/wp-content\/uploads\/2023\/03\/minutas-az.png\" alt=\"Normal\">\r\n                                                                                            <div class=\"services__one-item-icon-one\">\r\n                                                    <img decoding=\"async\" src=\"http:\/\/www.crvtax.com\/test\/wp-content\/uploads\/2023\/03\/minutas-bl.png\" alt=\"Hover\">\r\n                                                <\/div>\r\n                                                                                    <\/div>\r\n                                                                        <h4><a href=\"\/test\/service\/minutas-compraventas-permutas-adjudicaciones\/\">Minutas para escrituras p\u00fablicas de compraventas, permutas, adjudicaciones, participaciones<\/a><\/h4>\r\n                                    <p><\/p>\r\n                                    <a class=\"simple-btn-2\" href=\"\/test\/service\/minutas-compraventas-permutas-adjudicaciones\/\">Saber m\u00e1s<i class=\"far fa-chevron-double-right\"><\/i><\/a>\r\n                                <\/div>\r\n                            <\/div>\r\n                                                    <div class=\"col-xl-4 col-lg-6\">\r\n                                <div class=\"services__one-item mt-25\">\r\n                                                                            <div class=\"services__one-item-icon\">\r\n                                            <img decoding=\"async\" src=\"http:\/\/www.crvtax.com\/test\/wp-content\/uploads\/2023\/03\/solicitud-az.png\" alt=\"Normal\">\r\n                                                                                            <div class=\"services__one-item-icon-one\">\r\n                                                    <img decoding=\"async\" src=\"http:\/\/www.crvtax.com\/test\/wp-content\/uploads\/2023\/03\/solicitud-bl.png\" alt=\"Hover\">\r\n                                                <\/div>\r\n                                                                                    <\/div>\r\n                                                                        <h4><a href=\"\/test\/service\/mediacion\/\">Mediaci\u00f3n<\/a><\/h4>\r\n                                    <p><\/p>\r\n                                    <a class=\"simple-btn-2\" href=\"\/test\/service\/mediacion\/\">Saber m\u00e1s<i class=\"far fa-chevron-double-right\"><\/i><\/a>\r\n                                <\/div>\r\n                            <\/div>\r\n                                            <\/div>\r\n                <\/div>\r\n            <\/div>\r\n        \r\n        \r\n        \t\t<\/div>\n\t\t\t\t<\/div>\n\t\t\t\t\t<\/div>\n\t\t<\/div>\n\t\t\t\t\t\t\t<\/div>\n\t\t<\/section>\n\t\t\t\t<section class=\"elementor-section elementor-top-section elementor-element elementor-element-1c666a9 elementor-section-full_width elementor-section-height-default elementor-section-height-default\" data-id=\"1c666a9\" data-element_type=\"section\">\n\t\t\t\t\t\t<div class=\"elementor-container elementor-column-gap-no\">\n\t\t\t\t\t<div class=\"elementor-column elementor-col-100 elementor-top-column elementor-element elementor-element-7d2e26c\" data-id=\"7d2e26c\" data-element_type=\"column\">\n\t\t\t<div class=\"elementor-widget-wrap elementor-element-populated\">\n\t\t\t\t\t\t\t\t<div class=\"elementor-element elementor-element-7d49be4 elementor-widget elementor-widget-cta\" data-id=\"7d49be4\" data-element_type=\"widget\" data-widget_type=\"cta.default\">\n\t\t\t\t<div class=\"elementor-widget-container\">\n\t\t\t        \r\n        \r\n        \r\n                    <div class=\"cta__two\" style=\"background-image: url(http:\/\/wpuidemos.com\/wp-content\/uploads\/2023\/02\/getInTouchThree-1.jpg)\">\r\n                                    <img decoding=\"async\" class=\"cta__two-shape left-right-animate2\" src=\"http:\/\/light3.themeori.com\/wp-content\/uploads\/sites\/4\/2023\/02\/getInTouch3.png\" alt=\"shape one\">\r\n                                <div class=\"container\">\r\n                    <div class=\"row align-items-center\">\r\n                        <div class=\"col-xl-6 col-lg-5 lg-mb-30\">\r\n                            <div class=\"cta__two-title\">\r\n                                <span class=\"subtitle-one\">\u00bfNecesitas ayuda? <\/span>\r\n                                <h2>\u00bfTienes preguntas? Cont\u00e1ctanos<\/h2>\r\n                            <\/div>\r\n                        <\/div>\r\n                        <div class=\"col-xl-6 col-lg-7\">\r\n                            <div class=\"cta__two-info\">\r\n                                <div class=\"cta__two-info-item\">\r\n                                    <div class=\"cta__two-info-item-icon\">\r\n                                        <i class=\"fal fa-phone-alt icon-animation\"><\/i>\r\n                                    <\/div>\r\n                                    <div>\r\n                                        <span>Ll\u00e1manos 24\/7<\/span>\r\n                                        <h6><a href=\"https:\/\/wa.me\/19149879241\">(914) 987-9241<\/a><\/h6>\r\n                                    <\/div>\r\n                                <\/div>\r\n                                <div class=\"cta__two-info-item\">\r\n                                    <div class=\"cta__two-info-item-icon\">\r\n                                        <i class=\"fal fa-envelope\"><\/i>\r\n                                    <\/div>\r\n                                    <div>\r\n                                        <span>Escr\u00edbenos<\/span>\r\n                                        <h6><a href=\"mailto:info@cvrtax.com\">info@cvrtax.com<\/a><\/h6>\r\n                                    <\/div>\r\n                                <\/div>\r\n                            <\/div>\r\n                        <\/div>\r\n                    <\/div>\r\n                <\/div>\r\n            <\/div>\r\n        \t\t<\/div>\n\t\t\t\t<\/div>\n\t\t\t\t\t<\/div>\n\t\t<\/div>\n\t\t\t\t\t\t\t<\/div>\n\t\t<\/section>\n\t\t\t\t<section class=\"elementor-section elementor-top-section elementor-element elementor-element-8323075 elementor-section-full_width section-padding elementor-section-height-default elementor-section-height-default\" data-id=\"8323075\" data-element_type=\"section\">\n\t\t\t\t\t\t<div class=\"elementor-container elementor-column-gap-no\">\n\t\t\t\t\t<div class=\"elementor-column elementor-col-100 elementor-top-column elementor-element elementor-element-2767c6d\" data-id=\"2767c6d\" data-element_type=\"column\">\n\t\t\t<div class=\"elementor-widget-wrap elementor-element-populated\">\n\t\t\t\t\t\t\t\t<div class=\"elementor-element elementor-element-f38b2dd elementor-widget elementor-widget-testimonials\" data-id=\"f38b2dd\" data-element_type=\"widget\" data-widget_type=\"testimonials.default\">\n\t\t\t\t<div class=\"elementor-widget-container\">\n\t\t\t                    <div class=\"testimonial__area\">\r\n                                    <img decoding=\"async\" class=\"testimonial__area-shape dark-n\" src=\"http:\/\/www.crvtax.com\/test\/wp-content\/themes\/conbix\/assets\/img\/shape\/about.png\" alt=\"shape\">\r\n                    <img decoding=\"async\" class=\"testimonial__area-shape light-n\" src=\"http:\/\/www.crvtax.com\/test\/wp-content\/themes\/conbix\/assets\/img\/shape\/about-dark.png\" alt=\"shape-dark\">\r\n                                <div class=\"container\">\r\n                                            <div class=\"row mb-70 align-items-end\">\r\n                            <div class=\"col-xl-8 col-lg-8 lg-mb-30\">\r\n                                <div class=\"testimonial__area-title lg-t-center\">\r\n                                    <span class=\"subtitle-one\">Historias reales<\/span>\r\n                                    <h2>Experiencias de Clientes<\/h2>\r\n                                <\/div>\r\n                            <\/div>\r\n                            <div class=\"col-xl-4 col-lg-4\">\r\n                                <div class=\"testimonial__area-button t-right lg-t-center\">\r\n                                    <div class=\"testimonial__area-button-prev conbix-button-prev\"><i class=\"fal fa-long-arrow-left\"><\/i><\/div>\r\n                                    <div class=\"testimonial__area-button-next conbix-button-next\"><i class=\"fal fa-long-arrow-right\"><\/i><\/div>\r\n                                <\/div>\r\n                            <\/div>\r\n                        <\/div>\r\n                                        <div class=\"row\">\r\n                        <div class=\"col-xl-12\">\r\n                            <div class=\"swiper testimonial__area-slider\">\r\n                                <div class=\"swiper-wrapper\">\r\n                                                                            <div class=\"testimonial__area-item swiper-slide\">\r\n                                            <div class=\"testimonial__area-item-client\">\r\n                                                <div class=\"testimonial__area-item-icon\">\r\n                                                    <i class=\"fal fa-quote-right\"><\/i>\r\n                                                <\/div>\r\n                                                <div class=\"testimonial__area-item-client-image\">\r\n                                                    <img decoding=\"async\" src=\"http:\/\/www.crvtax.com\/test\/wp-content\/uploads\/2023\/03\/cara1.jpg\" alt=\"client\">\r\n                                                <\/div>\r\n                                                <div class=\"testimonial__area-item-client-title\">\r\n                                                    <h5>Sara Almeida<\/h5>\r\n                                                    <span class=\"text-eight\">Inmigrante<\/span>\r\n                                                <\/div>\r\n                                            <\/div>\r\n                                            <p>Mi experiencia fue excepcional. Fue muy atento y siempre se tom\u00f3 el tiempo de explicar todo el proceso de manera clara y concisa. <\/p>\r\n                                            <div class=\"testimonial__area-item-reviews\">\r\n                                                <i class=\"fas fa-star\"><\/i>\r\n                                                <i class=\"fas fa-star\"><\/i>\r\n                                                <i class=\"fas fa-star\"><\/i>\r\n                                                <i class=\"fas fa-star\"><\/i>\r\n                                                <i class=\"fas fa-star\"><\/i>\r\n                                            <\/div>\r\n                                        <\/div>\r\n                                                                            <div class=\"testimonial__area-item swiper-slide\">\r\n                                            <div class=\"testimonial__area-item-client\">\r\n                                                <div class=\"testimonial__area-item-icon\">\r\n                                                    <i class=\"fal fa-quote-right\"><\/i>\r\n                                                <\/div>\r\n                                                <div class=\"testimonial__area-item-client-image\">\r\n                                                    <img decoding=\"async\" src=\"http:\/\/www.crvtax.com\/test\/wp-content\/uploads\/2023\/02\/Image1.jpg\" alt=\"client\">\r\n                                                <\/div>\r\n                                                <div class=\"testimonial__area-item-client-title\">\r\n                                                    <h5>Jorge Perez<\/h5>\r\n                                                    <span class=\"text-eight\">Inmigrante<\/span>\r\n                                                <\/div>\r\n                                            <\/div>\r\n                                            <p>Me ayudaron a entender todas las opciones disponibles para m\u00ed y trabaj\u00f3 incansablemente para asegurarse de que mi caso fuera presentado correctamente.<\/p>\r\n                                            <div class=\"testimonial__area-item-reviews\">\r\n                                                <i class=\"fas fa-star\"><\/i>\r\n                                                <i class=\"fas fa-star\"><\/i>\r\n                                                <i class=\"fas fa-star\"><\/i>\r\n                                                <i class=\"fas fa-star\"><\/i>\r\n                                                <i class=\"fas fa-star\"><\/i>\r\n                                            <\/div>\r\n                                        <\/div>\r\n                                                                            <div class=\"testimonial__area-item swiper-slide\">\r\n                                            <div class=\"testimonial__area-item-client\">\r\n                                                <div class=\"testimonial__area-item-icon\">\r\n                                                    <i class=\"fal fa-quote-right\"><\/i>\r\n                                                <\/div>\r\n                                                <div class=\"testimonial__area-item-client-image\">\r\n                                                    <img decoding=\"async\" src=\"http:\/\/www.crvtax.com\/test\/wp-content\/uploads\/2023\/03\/cara2.jpg\" alt=\"client\">\r\n                                                <\/div>\r\n                                                <div class=\"testimonial__area-item-client-title\">\r\n                                                    <h5>Ricardo Gonzalez<\/h5>\r\n                                                    <span class=\"text-eight\">Inmigrante<\/span>\r\n                                                <\/div>\r\n                                            <\/div>\r\n                                            <p>Su compromiso y dedicaci\u00f3n en mi caso me dejaron sin palabras. Su conocimiento en el campo de la inmigraci\u00f3n fue muy impresionante<\/p>\r\n                                            <div class=\"testimonial__area-item-reviews\">\r\n                                                <i class=\"fas fa-star\"><\/i>\r\n                                                <i class=\"fas fa-star\"><\/i>\r\n                                                <i class=\"fas fa-star\"><\/i>\r\n                                                <i class=\"fas fa-star\"><\/i>\r\n                                                <i class=\"fas fa-star\"><\/i>\r\n                                            <\/div>\r\n                                        <\/div>\r\n                                                                    <\/div>\r\n                            <\/div>\r\n                        <\/div>\r\n                    <\/div>\r\n                <\/div>\r\n            <\/div>\r\n                \t\t<\/div>\n\t\t\t\t<\/div>\n\t\t\t\t\t<\/div>\n\t\t<\/div>\n\t\t\t\t\t\t\t<\/div>\n\t\t<\/section>\n\t\t\t\t\t\t\t<\/div>\n\t\t","protected":false},"excerpt":{"rendered":"<p>Asuntos de familia, divorcios casuales y de mutuo consentimiento Saber m\u00e1s Juicios de alimentos, inventarios, disoluci\u00f3n y liquidaci\u00f3n de la sociedad conyugal Saber m\u00e1s \u00c1rea civil, penal, tr\u00e1nsito, laboral Saber m\u00e1s Minutas para escrituras p\u00fablicas de compraventas, permutas, adjudicaciones, participaciones Saber m\u00e1s Mediaci\u00f3n Saber m\u00e1s \u00bfNecesitas ayuda? \u00bfTienes preguntas? Cont\u00e1ctanos Ll\u00e1manos 24\/7 (914) 987-9241 Escr\u00edbenos [&hellip;]<\/p>\n","protected":false},"author":1,"featured_media":0,"parent":0,"menu_order":0,"comment_status":"closed","ping_status":"closed","template":"page-builder.php","meta":{"_mi_skip_tracking":false},"aioseo_notices":[],"_links":{"self":[{"href":"http:\/\/www.crvtax.com\/test\/wp-json\/wp\/v2\/pages\/5099"}],"collection":[{"href":"http:\/\/www.crvtax.com\/test\/wp-json\/wp\/v2\/pages"}],"about":[{"href":"http:\/\/www.crvtax.com\/test\/wp-json\/wp\/v2\/types\/page"}],"author":[{"embeddable":true,"href":"http:\/\/www.crvtax.com\/test\/wp-json\/wp\/v2\/users\/1"}],"replies":[{"embeddable":true,"href":"http:\/\/www.crvtax.com\/test\/wp-json\/wp\/v2\/comments?post=5099"}],"version-history":[{"count":28,"href":"http:\/\/www.crvtax.com\/test\/wp-json\/wp\/v2\/pages\/5099\/revisions"}],"predecessor-version":[{"id":5549,"href":"http:\/\/www.crvtax.com\/test\/wp-json\/wp\/v2\/pages\/5099\/revisions\/5549"}],"wp:attachment":[{"href":"http:\/\/www.crvtax.com\/test\/wp-json\/wp\/v2\/media?parent=5099"}],"curies":[{"name":"wp","href":"https:\/\/api.w.org\/{rel}","templated":true}]}}